{"id":129,"date":"2017-11-10T19:44:45","date_gmt":"2017-11-10T19:44:45","guid":{"rendered":"http:\/\/localhost\/conectas\/novo\/wp\/?page_id=129"},"modified":"2020-09-09T14:41:17","modified_gmt":"2020-09-09T14:41:17","slug":"about-us","status":"publish","type":"page","link":"https:\/\/conectas.org\/en\/about-us\/","title":"About","content":"<div class=\"tts_content_wrapper_1\" ><p>More than a non-governmental organisation, we are part of a lively and global movement that continues in the fight for equal rights. Connected via a broad network of partners, spread across Brazil and around the world, we are always available, and we participate in various decision-making debates that advance the path of human rights from the Global South perspective. We work to secure and extend the rights of all, especially the most vulnerable. We propose solutions, avert setbacks, and denounce violations to create transformations.<\/p>\n<\/div><div class=\"tts__custom-position_bottom_fixed\" ><\/div>","excerpt":"<p>More than a non-governmental organisation, we are part of a lively and global movement that continues in the fight for equal rights. Connected via a b&#8230;<\/p>\n","author":2,"featured_media":161,"parent":0,"menu_order":0,"comment_status":"closed","ping_status":"closed","template":"","meta":{"ngg_post_thumbnail":0,"footnotes":""},"class_list":["post-129","page","type-page","status-publish","has-post-thumbnail","hentry"],"acf":{"atuacao_title":"Our strategies","atuacao_subtitle":"Throughout its existence, Conectas has perfected strategies to face setbacks and promote more rights","atuacao_modals":[{"title":"Act internationally","icon":false,"content":"<ul>\n<li style=\"text-align: left;\">Denounce human rights violations in the international mechanisms;<\/li>\n<li style=\"text-align: left;\">Study, analyze and formulate recommendations\/proposals\/solutions based on comparative analysis;<\/li>\n<li style=\"text-align: left;\">Monitor and influence the foreign policy of Brazil and other countries of the Global South so they contribute to the strengthening of human rights.<\/li>\n<\/ul>\n"},{"title":"Partner and collaborate","icon":false,"content":"<ul>\n<li style=\"text-align: left;\">Create opportunities for the exchange of experiences and the building of national and international partnerships to strengthen the human rights movement;<\/li>\n<li style=\"text-align: left;\">Respond to emergencies and show solidarity with people and groups that have had their rights violated;<\/li>\n<li style=\"text-align: left;\">Serve as a radar to enable quick and collective responses to threats..<\/li>\n<\/ul>\n"},{"title":"Take legal action","icon":false,"content":"<ul>\n<li style=\"text-align: left;\">Analyze and speak out about legislation that affects human rights;<\/li>\n<li style=\"text-align: left;\">Engage with administrative bodies;<\/li>\n<li style=\"text-align: left;\">Conduct strategic litigation on the national and international level.<\/li>\n<\/ul>\n"},{"title":"Advocate and influence","icon":false,"content":"<ul>\n<li style=\"text-align: left;\">Influence the public debate in a technical and non-partisan way;<\/li>\n<li style=\"text-align: left;\">Propose solutions and pressure the government to implement them;<\/li>\n<li style=\"text-align: left;\">Demand transparency from the State.<\/li>\n<\/ul>\n"},{"title":"Communicate and engage","icon":false,"content":"<ul>\n<li style=\"text-align: left;\">Convey the message of human rights in an accessible, inspiring, engaging and attractive way;<\/li>\n<li style=\"text-align: left;\">Report rigorous and accurate information;<\/li>\n<li style=\"text-align: left;\">Construct narratives that promote the advance of human rights and oppose setbacks;<\/li>\n<li style=\"text-align: left;\">Serve as an outlet for Conectas and express the positions of the organization;<\/li>\n<li style=\"text-align: left;\">Build a network for engagement and mobilization.<\/li>\n<\/ul>\n"}],"team":[{"role":"DIRECTORS","users":[{"name":"Juana Kweitel","role":"Executive-director","photo":"https:\/\/conectas.org\/wp-content\/uploads\/2017\/11\/equipe-img-e1512495016374.jpg","description":"Juana Kweitel has been executive director of Conectas Human Rights since December 2016. She has a Masters in International Human Rights Law from the University of Essex, United Kingdom, and in Political Science from the University of S\u00e3o Paulo (Topic: \u201cAccountability of Latin American Human Rights Organizations\u201d). She holds a postgraduate degree in Human Rights and Democratic Transition from the University of Chile, and she graduated as a lawyer, with honors, from the University of Buenos Aires (UBA). She has worked in Argentina as institutional coordinator of CELS (Center for Legal and Social Studies) and as coordinator of the same organization\u2019s Economic, Social and Cultural Rights Program. Juana serves on the Board of Trustees of Global Witness (2016)."},{"name":"Camila Asano","role":"Programs Director","photo":"https:\/\/conectas.org\/wp-content\/uploads\/2020\/06\/Tratada-54-e15130111617941.jpg","description":"Camila Asano has a degree in International Relations from the University of S\u00e3o Paulo. In 2009, she completed his master's degree in Political Science with distinction from the same institution. She is the Director of Programs at Conectas Human Rights. At the organization, she has already coordinated the Foreign Policy and Human Rights Program and the Strengthening of the Democratic Space Program. Camila has been an advisor to the National Human Rights Council since 2017 and she was a member of the Municipal Policy Council for Migrants in the city of S\u00e3o Paulo. She occupies a seat on the Board of the international non-governmental organization Center for Civil and Political Rights based in Geneva (Switzerland). She was a professor of International Relations at Funda\u00e7\u00e3o Armando \u00c1lvares Penteado (FAAP) in S\u00e3o Paulo. In 2019, she received the Beth Lobo Award for Women's Human Rights from the S\u00e3o Paulo Assembly."},{"name":"Marcos Fuchs","role":"Legal and finance director","photo":"https:\/\/conectas.org\/wp-content\/uploads\/2017\/12\/Marcos-Fuchs-e1512485423396.jpg","description":"Marcos Roberto Fuchs is currently associate director of Conectas Human Rights and executive director of the Pro Bono Institute. He was a key figure in introducing pro bono culture in Brazil and he now promotes this ideal throughout Brazil and other countries in South America. He took part in the discussions on the Pro Bono Resolution approved by the S\u00e3o Paulo chapter of the Brazilian Bar Association (OAB\/SP) in August 2002.\r\n\r\nHe has given countless lectures at Universities and Lawyers Associations. He organized the 3rd International Seminar on Pro Bono Advocacy, held in S\u00e3o Paulo on December 4-5, 2003, that featured 30 international speakers and was attended by more than 200 people.\r\n \r\nHe is the author of the tactical notebook Expanding Access to Justice, published by the New Tactics Project of the Center for Victims of Torture. He also volunteered as administrative director of the OAB\/SP community channel, in 2004 and 2005."}]},{"role":"BOARD OF TRUSTEES","users":[{"name":"Anamaria Schindler","role":"","photo":"https:\/\/conectas.org\/wp-content\/uploads\/2017\/12\/Anamaria_Schindler.jpeg","description":"Anamaria Schindler is a member of the leadership of Ashoka, an international organization with a focus on social entrepreneurship and social change. She was Global Co-President of Ashoka from 2005 to 2008 and is currently responsible for the organization\u2019s strategy in Latin America. She founded and directed the Arapya\u00fa Institute in Brazil from 2008 to 2011 and worked exclusively with human rights between 1986 and 1995 at the Center for the Study of Violence of the University of S\u00e3o Paulo and also as a columnist for the Valor Econ\u00f4mico newspaper from 2000 to 2005. Schindler is a sociologist with a Master\u2019s and a Doctorate in Sociology from the University of S\u00e3o Paulo and she serves on the boards of a number of civil society organizations in Brazil and Latin America."},{"name":"Andre Degenszajn","role":"","photo":"https:\/\/conectas.org\/wp-content\/uploads\/2020\/08\/andre-foto.jpg","description":"Andre Degenszajn is the Executive Director of Instituto Ibirapitanga, a foundation created in 2017 by Brazilian filmmaker Walter Salles. He was Secretary-General of GIFE, the Brazilian association of foundations, from 2013 to 2017. He has a Masters in International Relations from the Catholic University of S\u00e3o Paulo (PUC-SP) and was a professor of International Relations from 2007 to 2011. He was a founding member of Conectas Human Rights, where he currently serves at the board. He is also a board member of Oxfam Brasil."},{"name":"Denise Dora","role":"","photo":"https:\/\/conectas.org\/wp-content\/uploads\/2018\/10\/Denise-Dora-2-e1539200867976.jpg","description":"Denise Dora holds a degree in Juridical and Social Sciences from the Federal University of Rio Grande do Sul (1983), a master's degree in International Human Rights Law from the University of Essex (2000), and a Master's degree in History, Politics and Cultural Goods from the Research and Documentation Center of the Get\u00falio Vargas Foundation, Rio de Janeiro (2011). She has extensive experience as a lawyer specialized in Human Rights, was a Professor at the Law School of the Rio dos Sinos Valley and the Ritter dos Reis University Center and a researcher at the Center for Applied Juridical Research at the FGV S\u00e3o Paulo Law School. Participated in various councils and directorates of civil society organizations, such as the Brazilian Fund for Human Rights, Action Aid and THEMIS - Gender, Justice and Human Rights."},{"name":"Douglas Belchior","role":"","photo":"https:\/\/conectas.org\/wp-content\/uploads\/2020\/06\/zfql4fb_400x400-1-e1591703813499.jpg","description":"Douglas Belchior is a teatcher graduated in History from PUC-SP. Founder and professor in the Uneafro-Brasil Movement. Member of the Black Coalition for Rights, Operative Project Coordinator at the Brazil Human Rights Fund. Social networks: @negrobelchior"},{"name":"Flavia Regina de Souza","role":"","photo":"https:\/\/conectas.org\/wp-content\/uploads\/2017\/12\/Favia-Regina-de-Souza-e1512495349790.png","description":"Flavia Regina de Souza is a lawyer who graduated from the University of S\u00e3o Paulo Law School and specialized in Tax Law at the Catholic University of S\u00e3o Paulo. She is a partner at the Mattos Filho, Veiga Filho, Marrey Jr. e Quiroga Advogados law firm, responsible for its Third Sector Law Department. She has published articles and presented papers on the third sector and pro bono lawyering at national and international conferences, and is a member of the Third Sector Law Commission at the S\u00e3o Paulo chapter of the Brazilian Bar Association. Souza teaches the \u201cLegal Aspects of the Third Sector\u201d module of the \u201cManagement Principles for Third Sector Organizations\u201d course of PEC\/FGV - Continued Education Program of the Get\u00falio Vargas Foundation, and is the coordinator and a professor of the \u201cLaw for the Third Sector\u201d course of GVLaw - Continued Education Program of the Get\u00falio Vargas Foundation Law School."},{"name":"Helio Menezes","role":"","photo":"https:\/\/conectas.org\/wp-content\/uploads\/2020\/06\/foto_HM_credito_GeorgiaNiara-1-e1591644286575.jpg","description":"H\u00e9lio Menezes is an anthropologist, works as a researcher, critic and curator. Graduated in International Relations and Social Sciences, he holds a master's and doctoral degree in Social Anthropology from the University of S\u00e3o Paulo. He is curator of Contemporary Art at the Centro Cultural S\u00e3o Paulo and at the Os\u00f3rio C\u00e9sar Art Museum. He was international coordinator of the World Social Forum in Bel\u00e9m (2009), Dakar (2011) and Tunis (2013); and a fellow at the Institut d\u2019Etudes Politiques (Sciences-Po Paris, 2007) and at the Universidad Aut\u00f3noma de Madrid (UAM, 2013). He has been developing research on anti-racist art and politics, modes of sociability and territorialization of black cultural practices in urban contexts, places of the black body in art and anthropological image theory."},{"name":"Malak Poppovic ","role":"","photo":"https:\/\/conectas.org\/wp-content\/uploads\/2017\/12\/Malak-Poppovic-e1673378459906.png","description":"Malak El-Chichini Poppovic is an independent consultant and was executive director of Conectas Human Rights from 2005 to 2011. Before this, she worked as an advisor for the Peace, Security and Human Rights portfolio of the United Nations Foundation and for the Solidarity Community Partnership Program against Poverty and Social Exclusion, in Bras\u00edlia, and as a senior researcher at the Center for the Study of Violence of the University of S\u00e3o Paulo. She has worked for the Office of the High Commissioner for Refugees in various countries (1975-1988). She holds a postgraduate degree in Economics and International Relations from the Graduate Institute of International Studies in Geneva and a Bachelor\u2019s in Economics from the University of Cairo."},{"name":"Margarida Genevois","role":"","photo":"https:\/\/conectas.org\/wp-content\/uploads\/2017\/12\/Margarida-Genevois-1-e1512495171819.png","description":"Margarida Bulh\u00f5es Pedreira Genevois, graduated in Social Sciences from the S\u00e3o Paulo School of Sociology and Politics. She has served as president of the Justice and Peace Commission of the Archdiocese of S\u00e3o Paulo and as a member of the Human Rights Commission of the University of S\u00e3o Paulo (USP). She was also a member of the National Council on Women\u2019s Rights and one of the founders of the Brazil Human Rights Fund. In 2008, she received the title of \u201cS\u00e3o Paulo Citizen\u201d for the representativeness of her work in human rights. "},{"name":"Marcelo Furtado","role":"","photo":"https:\/\/conectas.org\/wp-content\/uploads\/2020\/06\/Marcelo-Furtado-e1592933985261.jpg","description":"Marcelo Furtado is the Chief Sustainability Officer (CSO) and partner at ZScore a traceability platform for environmental assets using blockchain technology. Board Chair at World Resources Institute (WRI) Brazil. Member of the sustainability committee at Duratex SA. Executive director of Alana Family Foundation from July 2018 to March 2020 and co-founder of Believe.Earth. Served from 2016 to June 2018 as the facilitator of the Brazilian Coalition on Climate Forest and Agriculture. Chemical engineer by training with a master degree in renewable energy. Lemann Fellow and a member of the Yale World Fellow program (2011). Executive Director at Arapya\u00fa Institute (2013 to 2017) family foundation that promotes sustainability, justice, education and political activism. Executive Director of Greenpeace Brazil (2008 to 2013)."},{"name":"Oscar Vilhena","role":"","photo":"https:\/\/conectas.org\/wp-content\/uploads\/2017\/12\/Oscar-Vilhena-e1673378486603.png","description":"Director of the S\u00e3o Paulo Law School at Funda\u00e7\u00e3o Getulio Vargas, where he is Professor of Constitutional Law. Graduated in Law from PUC-SP (1988), Master in Law from Columbia University (1995), Doctorate in Political Science from University of S\u00e3o Paulo (1998) and Postdoctoral from Center for Brazilian Studies (St. Antonies College, Oxford University.) He was Executive Director of Conectas Human Rights and the United Nations Latin American Institute for the Prevention of Crime - Brazil, as well as State Attorney in S\u00e3o Paulo."},{"name":"Renata Reis","role":"","photo":"https:\/\/conectas.org\/wp-content\/uploads\/2020\/06\/Renata-Reis-e1592853477976.jpg","description":"Journalist and Lawyer. PhD in Public Policy, Strategies and Development at UFRJ, with a thesis on Lobby in the National Congress. Master in Social Policy from the State University of the North Fluminense Darcy Ribeiro - UENF with sandwich at the Free University of Brussels - ULB, Belgium. Policy \/ Advocacy professional with over 15 years of experience. He is currently a Specialist in Regional Humanitarian Access (Latin America) in the humanitarian organization Doctors Without Borders (MSF) - Belgium. He was Institutional Relations and responsible for advocacy at MSF Brasil for 5 years. She was project \/ advocacy coordinator at the Brazilian AIDS Interdisciplinary Association - ABIA, where she coordinated REBRIP's Intellectual Property Working Group, which brought together 17 civil society organizations, for seven years. She is a professor of Advocacy and Humanitarian Aid in the Professional Master's Degree in Analysis and Management of International Policies: Conflict Resolution and Development Cooperation (MAPI) at PUC Rio."},{"name":"Silvio Almeida","role":"","photo":"https:\/\/conectas.org\/wp-content\/uploads\/2019\/06\/Foto-Silvio-Almeida-e1560361378102.jpg","description":"Silvio Luiz de Almeida is a lawyer, a professor at FGV-SP, Universidade Presbiteriana Mackenzie and the S\u00e3o Judas Tadeu University, a doctoral and post-doctorate in Philosophy and General Theory of Law (USP), a bachelor's and master's degree in Law (Mackenzie) and Philosophy (FFLCH-USP), technical consultant of the Quilombola Federation of the State of S\u00e3o Paulo and in the area of \u200b\u200baffirmative action, public policies and antidiscrimination compliance"},{"name":"Sueli Carneiro","role":"","photo":"https:\/\/conectas.org\/wp-content\/uploads\/2018\/08\/2E9A3402-e1538058584826.jpg","description":"Sueli Carneiro holds a PhD in Education from USP (University of S\u00e3o Paulo) and founder of Geled\u00e9s - Instituto de Mulher Negra. Theoretical of the issue of gender and race, created the only Brazilian program of guidance in the area of \u200b\u200bphysical and mental health specific to black women. In 1988 she was invited to join the National Council for the Feminine Condition in Brasilia. She is the author of \"Racism, Sexism and Inequality in Brazil\", which presents the main advances in overcoming the inequalities created by the practice of racial discrimination."},{"name":"Theo Dias (pres.)","role":"","photo":"https:\/\/conectas.org\/wp-content\/uploads\/2020\/02\/theo-conectas-0388-2-e1584114284448.jpg","description":"Theodomiro Dias holds a Bachelor of Laws degree from the Law School of the Catholic University of S\u00e3o Paulo (PUC\/SP), a Master of Laws (LLM) from the University of Wisconsin (United States) and a Doctor of Laws from the University of Saarland (Germany). He works as a criminal lawyer in S\u00e3o Paulo."}]},{"role":"AUDIT COMMITTEE","users":[{"name":"Emilio Martos","role":"","photo":"https:\/\/conectas.org\/wp-content\/uploads\/2017\/12\/Emilio-Martos-1-e1512494690161.jpg","description":"Em\u00edlio Martos has a degree in Business Administration and Law, with an MBA in Information Technology Management. He worked in a family business for 11 years, in the municipal legislature in Campo Grande (MS) for eight years and in the last 16 years in the management of third sector organizations, such as: ACMD (Association Community Holding Hands), Ethos Institute and the IBGC (Brazilian Institute of Corporate Governance), where his last position was that of Relations and Operations Superintendent. He is currently an independent consultant and is attending the coaching program of Instituto EcoSocial. He was a lead partner of the Avina Foundation and coordinator of one of the winning projects in the Ashoka - McKinsey Innovative Resource Mobilization Competition."},{"name":"Heloisa Motoki","role":"","photo":"https:\/\/conectas.org\/wp-content\/uploads\/2019\/08\/Foto-Heloisa-e1565270701195.jpg","description":"Heloisa Motoki is the founder of Quali Cont\u00e1bil, Influencer of the Women Entrepreneur Network, Special Consultant on the Forum Cont\u00e1beis website. Graduated in MBA in Controlling, Graduated in Accounting and Accounting Technician, participant in the Entrepreneurship program by FGV \/ Goldman Sachs - 10,000 women. For 22 years in the accounting market, he has been working directly with small and medium companies in S\u00e3o Paulo."},{"name":"Luigi Puntel","role":"","photo":"https:\/\/conectas.org\/wp-content\/uploads\/2019\/08\/Luigi-Puntel-e1565273562822.jpg","description":"Luigi Puntel is graduated in Business Administration for PUC-SP, with MBA in Commercial Management for FGV-SP. Specialist in Solution Selling (Sandler Training Brasil 2015\/2017), Internationally Certified by PMP\u00ae Institute (Project Manager Preparation Training Tech Mahindra2014) and Certificate of Negotiation Communication (Brazilian Society of Neolinguistic Programming - SBPNL). \r\n\r\nCommercial executive with over 12 years of progressive sales experience. Currently responsible for managing accounts and technology operations for large companies in the Retail segment at Linx S.A., acting for leverage and territorial development, contract negotiation, P&L administration, forecast management and sales pipeline."}]}],"cons_title":"ADVICE COUNCILS AND COMMITTEE","cons_subtitle":"Conectas also actively participates in civil society councils that monitor human rights violations and implementation of public policies in prisons and migration","cons_modals":[{"title":"National Council of Human Rights","content":"<p><span style=\"font-weight: 400;\">Conectas occupies a vacancy in the National Council of Human Rights, an organisation linked to the SDH \/ PR (Secretaria de Direitos Humanos da Presid\u00eancia da Rep\u00fablica) whose purpose is the promotion and defence of human rights, through preventive, protective, reparative, and sanctioning of the conduits and situations of threat or violation of these rights. <strong>Representative<\/strong>: Camila Lissa Asano. <strong>Mandate:<\/strong> 2016-2018<\/span><\/p>\n"},{"title":"National Committee to Prevent and Combat Torture","content":"<p><span style=\"font-weight: 400;\">Conectas is a member of the CNPCT, a body linked to the Ministry of Justice, which aims to contribute to the fight against torture and cruelty, inhuman and degrading treatment in detention centres acting in the capacity to propose actions and programmes for the eradication of torture, following procedures for administrative and judicial investigation, and referral to the recommendations arising from inspections carried out in places of deprivation of liberty. <strong>Representative:<\/strong> Henrique Apolin\u00e1rio. <strong>Mandate:<\/strong> 2016-2018<\/span><\/p>\n"},{"title":"Municipal Commission for the Eradication of Slave Labor","content":"<p><span style=\"font-weight: 400;\">The Comiss\u00e3o Municipal para a Erradica\u00e7\u00e3o do Trabalho Escravo (COMTRAE), the first of its kind at the municipal level of the country, is a joint body whose objective is to unite different segments of society to determine public policies aimed to eradicate slave labour in the city of S\u00e3o Paulo. Conectas has been a member of COMTRAE since February 2014 and has a two-year term in the office, and may be reappointed further for the same period. The Commission is under the responsibility of the Secretaria Municipal de Direitos Humanos e Cidadania (SMDHC), through the Coordination of Promotion of Decent Work (Trabalho Decente).<\/span><\/p>\n"}],"team_title":"STAFF","team_subtitle":"Lawyers, sociologists, communicators, managers, international relations professionals and, above all, activists. We are people of all kinds and we believe that it takes collaboration and commitment to create the paths of equality."},"yoast":{"focuskw":"","title":"","metadesc":"Conectas exists to preserve, implement and extend human rights.","linkdex":"","metakeywords":"","meta-robots-noindex":"","meta-robots-nofollow":"","meta-robots-adv":"","canonical":"","redirect":"","opengraph-title":"","opengraph-description":"","opengraph-image":"","twitter-title":"","twitter-description":"","twitter-image":""},"featured_image":{"original":"https:\/\/conectas.org\/wp-content\/uploads\/2017\/11\/quemSomos-header.jpg","thumbnail":"https:\/\/conectas.org\/wp-content\/uploads\/2017\/11\/quemSomos-header-150x150.jpg","medium":"https:\/\/conectas.org\/wp-content\/uploads\/2017\/11\/quemSomos-header-300x117.jpg","medium_large":"https:\/\/conectas.org\/wp-content\/uploads\/2017\/11\/quemSomos-header-768x299.jpg","large":"https:\/\/conectas.org\/wp-content\/uploads\/2017\/11\/quemSomos-header-1024x398.jpg","1536x1536":"https:\/\/conectas.org\/wp-content\/uploads\/2017\/11\/quemSomos-header.jpg","2048x2048":"https:\/\/conectas.org\/wp-content\/uploads\/2017\/11\/quemSomos-header.jpg","post_slider_img":"https:\/\/conectas.org\/wp-content\/uploads\/2017\/11\/quemSomos-header.jpg","storyform_xlarge":"https:\/\/conectas.org\/wp-content\/uploads\/2017\/11\/quemSomos-header.jpg","storyform_xxlarge":"https:\/\/conectas.org\/wp-content\/uploads\/2017\/11\/quemSomos-header.jpg","storyform_xxxlarge":"https:\/\/conectas.org\/wp-content\/uploads\/2017\/11\/quemSomos-header.jpg","noticia":"https:\/\/conectas.org\/wp-content\/uploads\/2017\/11\/quemSomos-header.jpg"},"terms":{"acoes_categorias":[],"acoes_tags":[],"category":[],"post_tag":[]},"author_name":"Leonardo Medeiros","author_nicename":"leonardo-medeiros","protected":false,"langs":{"en":"about-us","br":"about-us"},"permalink":"https:\/\/conectas.org\/en\/about-us\/","relative_url":"https:\/\/conectas.org\/en\/about-us\/","_links":{"self":[{"href":"https:\/\/conectas.org\/en\/wp-json\/wp\/v2\/pages\/129","targetHints":{"allow":["GET"]}}],"collection":[{"href":"https:\/\/conectas.org\/en\/wp-json\/wp\/v2\/pages"}],"about":[{"href":"https:\/\/conectas.org\/en\/wp-json\/wp\/v2\/types\/page"}],"author":[{"embeddable":true,"href":"https:\/\/conectas.org\/en\/wp-json\/wp\/v2\/users\/2"}],"replies":[{"embeddable":true,"href":"https:\/\/conectas.org\/en\/wp-json\/wp\/v2\/comments?post=129"}],"version-history":[{"count":0,"href":"https:\/\/conectas.org\/en\/wp-json\/wp\/v2\/pages\/129\/revisions"}],"wp:featuredmedia":[{"embeddable":true,"href":"https:\/\/conectas.org\/en\/wp-json\/wp\/v2\/media\/161"}],"wp:attachment":[{"href":"https:\/\/conectas.org\/en\/wp-json\/wp\/v2\/media?parent=129"}],"curies":[{"name":"wp","href":"https:\/\/api.w.org\/{rel}","templated":true}]}}