{"id":102,"date":"2017-11-11T15:01:56","date_gmt":"2017-11-11T15:01:56","guid":{"rendered":"http:\/\/localhost\/conectas\/novo\/wp\/?page_id=102"},"modified":"2025-07-15T19:53:45","modified_gmt":"2025-07-15T19:53:45","slug":"home","status":"publish","type":"page","link":"https:\/\/conectas.org\/en\/","title":"[Home]","content":"<div class=\"tts_content_wrapper_1\" ><\/div><div class=\"tts__custom-position_bottom_fixed\" ><\/div>","excerpt":"","author":2,"featured_media":0,"parent":0,"menu_order":0,"comment_status":"closed","ping_status":"closed","template":"","meta":{"ngg_post_thumbnail":0,"footnotes":""},"class_list":["post-102","page","type-page","status-publish","hentry"],"acf":{"iniciativas":[{"type":"post","title":"","link":"","thumbnail":false,"target":"_self","iniciativa_post":{"ID":23852,"post_author":"2","post_date":"2020-11-13 13:24:53","post_date_gmt":"2020-11-13 13:24:53","post_content":"","post_title":"Defense of Socioenvironmental Rights","post_excerpt":"","post_status":"publish","comment_status":"closed","ping_status":"closed","post_password":"","post_name":"socioenvironmental-rights","to_ping":"","pinged":"","post_modified":"2025-05-08 19:10:03","post_modified_gmt":"2025-05-08 19:10:03","post_content_filtered":"","post_parent":40206,"guid":"https:\/\/conectas.org\/?page_id=23852","menu_order":0,"post_type":"page","post_mime_type":"","comment_count":"0","filter":"raw","featured_media":40040,"featured_image":{"original":"https:\/\/conectas.org\/wp-content\/uploads\/2025\/03\/6456546-2.jpg","thumbnail":"https:\/\/conectas.org\/wp-content\/uploads\/2025\/03\/6456546-2-150x150.jpg","medium":"https:\/\/conectas.org\/wp-content\/uploads\/2025\/03\/6456546-2.jpg","medium_large":"https:\/\/conectas.org\/wp-content\/uploads\/2025\/03\/6456546-2.jpg","large":"https:\/\/conectas.org\/wp-content\/uploads\/2025\/03\/6456546-2.jpg","1536x1536":"https:\/\/conectas.org\/wp-content\/uploads\/2025\/03\/6456546-2.jpg","2048x2048":"https:\/\/conectas.org\/wp-content\/uploads\/2025\/03\/6456546-2.jpg","post_slider_img":"https:\/\/conectas.org\/wp-content\/uploads\/2025\/03\/6456546-2-350x233.jpg","storyform_xlarge":"https:\/\/conectas.org\/wp-content\/uploads\/2025\/03\/6456546-2.jpg","storyform_xxlarge":"https:\/\/conectas.org\/wp-content\/uploads\/2025\/03\/6456546-2.jpg","storyform_xxxlarge":"https:\/\/conectas.org\/wp-content\/uploads\/2025\/03\/6456546-2.jpg","noticia":"https:\/\/conectas.org\/wp-content\/uploads\/2025\/03\/6456546-2.jpg"},"terms":{"acoes_categorias":[],"acoes_tags":[],"category":[],"post_tag":[]},"author_name":"Leonardo Medeiros","author_nicename":"leonardo-medeiros","title":"Defense of Socioenvironmental Rights","content":"","excerpt":"","langs":{"en":"home","pt":"home"},"permalink":"https:\/\/conectas.org\/en\/initiatives\/socioenvironmental-rights\/","relative_url":"https:\/\/conectas.org\/en\/initiatives\/socioenvironmental-rights\/"}},{"type":"post","title":"Iniciativa","link":"#","thumbnail":"https:\/\/conectas.org\/wp-content\/uploads\/2021\/04\/Romulo-SerpaAg.CNJ_.jpg","target":"_self","iniciativa_post":{"ID":24391,"post_author":"2","post_date":"2020-11-13 12:47:29","post_date_gmt":"2020-11-13 12:47:29","post_content":"","post_title":"Fighting Institutional Violence","post_excerpt":"","post_status":"publish","comment_status":"closed","ping_status":"closed","post_password":"","post_name":"institutional-violence","to_ping":"","pinged":"","post_modified":"2025-05-08 19:12:19","post_modified_gmt":"2025-05-08 19:12:19","post_content_filtered":"","post_parent":40206,"guid":"https:\/\/conectas.org\/?page_id=24391","menu_order":0,"post_type":"page","post_mime_type":"","comment_count":"0","filter":"raw","featured_media":40045,"featured_image":{"original":"https:\/\/conectas.org\/wp-content\/uploads\/2025\/03\/8786786-2.jpg","thumbnail":"https:\/\/conectas.org\/wp-content\/uploads\/2025\/03\/8786786-2-150x150.jpg","medium":"https:\/\/conectas.org\/wp-content\/uploads\/2025\/03\/8786786-2.jpg","medium_large":"https:\/\/conectas.org\/wp-content\/uploads\/2025\/03\/8786786-2.jpg","large":"https:\/\/conectas.org\/wp-content\/uploads\/2025\/03\/8786786-2.jpg","1536x1536":"https:\/\/conectas.org\/wp-content\/uploads\/2025\/03\/8786786-2.jpg","2048x2048":"https:\/\/conectas.org\/wp-content\/uploads\/2025\/03\/8786786-2.jpg","post_slider_img":"https:\/\/conectas.org\/wp-content\/uploads\/2025\/03\/8786786-2-350x233.jpg","storyform_xlarge":"https:\/\/conectas.org\/wp-content\/uploads\/2025\/03\/8786786-2.jpg","storyform_xxlarge":"https:\/\/conectas.org\/wp-content\/uploads\/2025\/03\/8786786-2.jpg","storyform_xxxlarge":"https:\/\/conectas.org\/wp-content\/uploads\/2025\/03\/8786786-2.jpg","noticia":"https:\/\/conectas.org\/wp-content\/uploads\/2025\/03\/8786786-2.jpg"},"terms":{"acoes_categorias":[],"acoes_tags":[],"category":[],"post_tag":[]},"author_name":"Leonardo Medeiros","author_nicename":"leonardo-medeiros","title":"Fighting Institutional Violence","content":"","excerpt":"","langs":{"en":"home","pt":"home"},"permalink":"https:\/\/conectas.org\/en\/initiatives\/institutional-violence\/","relative_url":"https:\/\/conectas.org\/en\/initiatives\/institutional-violence\/"}},{"type":"post","title":"","link":"","thumbnail":false,"target":"_self","iniciativa_post":{"ID":40223,"post_author":"40","post_date":"2025-03-13 19:28:23","post_date_gmt":"2025-03-13 19:28:23","post_content":"","post_title":"Democracy and the Human Rights Movement","post_excerpt":"","post_status":"publish","comment_status":"closed","ping_status":"closed","post_password":"","post_name":"democracy-and-the-human-rights-movement","to_ping":"","pinged":"","post_modified":"2025-05-08 19:07:14","post_modified_gmt":"2025-05-08 19:07:14","post_content_filtered":"","post_parent":40206,"guid":"https:\/\/conectas.org\/?page_id=40223","menu_order":0,"post_type":"page","post_mime_type":"","comment_count":"0","filter":"raw","featured_media":40043,"featured_image":{"original":"https:\/\/conectas.org\/wp-content\/uploads\/2025\/03\/77334-2.jpg","thumbnail":"https:\/\/conectas.org\/wp-content\/uploads\/2025\/03\/77334-2-150x150.jpg","medium":"https:\/\/conectas.org\/wp-content\/uploads\/2025\/03\/77334-2.jpg","medium_large":"https:\/\/conectas.org\/wp-content\/uploads\/2025\/03\/77334-2.jpg","large":"https:\/\/conectas.org\/wp-content\/uploads\/2025\/03\/77334-2.jpg","1536x1536":"https:\/\/conectas.org\/wp-content\/uploads\/2025\/03\/77334-2.jpg","2048x2048":"https:\/\/conectas.org\/wp-content\/uploads\/2025\/03\/77334-2.jpg","post_slider_img":"https:\/\/conectas.org\/wp-content\/uploads\/2025\/03\/77334-2-350x233.jpg","storyform_xlarge":"https:\/\/conectas.org\/wp-content\/uploads\/2025\/03\/77334-2.jpg","storyform_xxlarge":"https:\/\/conectas.org\/wp-content\/uploads\/2025\/03\/77334-2.jpg","storyform_xxxlarge":"https:\/\/conectas.org\/wp-content\/uploads\/2025\/03\/77334-2.jpg","noticia":"https:\/\/conectas.org\/wp-content\/uploads\/2025\/03\/77334-2.jpg"},"terms":{"acoes_categorias":[],"acoes_tags":[],"category":[],"post_tag":[]},"author_name":"Thayn\u00e1 Paula","author_nicename":"homem-maquina","title":"Democracy and the Human Rights Movement","content":"","excerpt":"","langs":{"en":"home","pt":"home"},"permalink":"https:\/\/conectas.org\/en\/initiatives\/democracy-and-the-human-rights-movement\/","relative_url":"https:\/\/conectas.org\/en\/initiatives\/democracy-and-the-human-rights-movement\/"}}],"noticias":false,"subtitle-pt":"","ordem_manual":true},"yoast":{"focuskw":"Conectas Direitos Humanos","title":"Conectas Direitos Humanos","metadesc":"A Conectas existe para proteger, efetivar e ampliar os direitos humanos. Propomos solu\u00e7\u00f5es, impedimos retrocessos e denunciamos viola\u00e7\u00f5es.","linkdex":"43","metakeywords":"","meta-robots-noindex":"","meta-robots-nofollow":"","meta-robots-adv":"","canonical":"","redirect":"","opengraph-title":"Conectas Direitos Humanos","opengraph-description":"","opengraph-image":"https:\/\/conectas.org\/wp-content\/uploads\/2019\/08\/61847870_2294613587283614_5888917023475367936_o-e1565119960878.png","twitter-title":"","twitter-description":"A Conectas existe para proteger, efetivar e ampliar os direitos humanos. Propomos solu\u00e7\u00f5es, impedimos retrocessos e denunciamos viola\u00e7\u00f5es.","twitter-image":""},"featured_image":[],"terms":{"acoes_categorias":[],"acoes_tags":[],"category":[],"post_tag":[]},"author_name":"Leonardo Medeiros","author_nicename":"leonardo-medeiros","protected":false,"langs":{"en":"home","br":"home"},"permalink":"https:\/\/conectas.org\/en\/","relative_url":"https:\/\/conectas.org\/en\/","_links":{"self":[{"href":"https:\/\/conectas.org\/en\/wp-json\/wp\/v2\/pages\/102","targetHints":{"allow":["GET"]}}],"collection":[{"href":"https:\/\/conectas.org\/en\/wp-json\/wp\/v2\/pages"}],"about":[{"href":"https:\/\/conectas.org\/en\/wp-json\/wp\/v2\/types\/page"}],"author":[{"embeddable":true,"href":"https:\/\/conectas.org\/en\/wp-json\/wp\/v2\/users\/2"}],"replies":[{"embeddable":true,"href":"https:\/\/conectas.org\/en\/wp-json\/wp\/v2\/comments?post=102"}],"version-history":[{"count":7,"href":"https:\/\/conectas.org\/en\/wp-json\/wp\/v2\/pages\/102\/revisions"}],"predecessor-version":[{"id":40652,"href":"https:\/\/conectas.org\/en\/wp-json\/wp\/v2\/pages\/102\/revisions\/40652"}],"wp:attachment":[{"href":"https:\/\/conectas.org\/en\/wp-json\/wp\/v2\/media?parent=102"}],"curies":[{"name":"wp","href":"https:\/\/api.w.org\/{rel}","templated":true}]}}